{"id":847,"date":"2015-09-22T19:53:34","date_gmt":"2015-09-22T19:53:34","guid":{"rendered":"http:\/\/theme-fusion.com\/avada\/church-xml\/?page_id=847"},"modified":"2022-04-27T07:48:30","modified_gmt":"2022-04-27T07:48:30","slug":"contact","status":"publish","type":"page","link":"https:\/\/www.labirba.net\/?page_id=847","title":{"rendered":"CONTACT"},"content":{"rendered":"<p><div  class=\"fusion-fullwidth fullwidth-box hundred-percent-fullwidth fusion-equal-height-columns\"  style='background-color: #ffffff;background-position: left top;background-repeat: no-repeat;border-top-width:0px;border-bottom-width:0px;border-color:#eae9e9;border-top-style:solid;border-bottom-style:solid;'><div class=\"fusion-builder-row fusion-row \"><div  class=\"fusion-layout-column fusion_builder_column fusion_builder_column_1_1  fusion-one-full fusion-column-first fusion-column-last fusion-column-no-min-height 1_1\"  style='margin-top:0px;margin-bottom:0px;'>\n\t\t\t<div class=\"fusion-column-wrapper\" style=\"background-position:left top;background-repeat:no-repeat;-webkit-background-size:cover;-moz-background-size:cover;-o-background-size:cover;background-size:cover;\"  data-bg-url=\"\">\n\t\t\t\t<div class=\"fusion-section-separator section-separator\" style=\"border-top:1px solid #ffffff;margin-left:-0;margin-right:-0;\"><div class=\"divider-candy-arrow top\" style=\"bottom:0px;border-bottom-color: #ffffff;\"><\/div><div class=\"divider-candy top\" style=\"top:-21px;border-bottom:1px solid #ffffff;border-left:1px solid #ffffff;\"><\/div><\/div><div class=\"fusion-clearfix\"><\/div>\n\n\t\t\t<\/div>\n\t\t<\/div><div  class=\"fusion-layout-column fusion_builder_column fusion_builder_column_1_1  fusion-one-full fusion-column-first fusion-column-last 1_1\"  style='margin-top:0px;margin-bottom:0px;'>\n\t\t\t<div class=\"fusion-column-wrapper\" style=\"background-position:left top;background-repeat:no-repeat;-webkit-background-size:cover;-moz-background-size:cover;-o-background-size:cover;background-size:cover;\"  data-bg-url=\"\">\n\t\t\t\t\t\t\t<script type=\"text\/javascript\">\n\t\t\t\tvar map_fusion_map_69f1ceac35b7a;\n\t\t\t\tvar markers = [];\n\t\t\t\tvar counter = 0;\n\t\t\t\tfunction fusion_run_map_fusion_map_69f1ceac35b7a() {\n\t\t\t\t\tjQuery('#fusion_map_69f1ceac35b7a').fusion_maps({\n\t\t\t\t\t\taddresses: [{\"address\":\"11 rue du Ch\\u00eane, 08140 FRANCHEVAL\",\"infobox_content\":\"11 rue du Ch\\u00eane, 08140 FRANCHEVAL\",\"marker\":\"https:\\\/\\\/www.labirba.net\\\/wp-content\\\/plugins\\\/fusion-builder\\\/images\\\/avada_map_marker.png\",\"coordinates\":false,\"cache\":true,\"latitude\":\"49.7025243\",\"longitude\":\"5.0498675999999705\"}],\n\t\t\t\t\t\tanimations: true,\n\t\t\t\t\t\tinfobox_background_color: 'rgba(233, 168, 37, 0.8)',\n\t\t\t\t\t\tinfobox_styling: 'custom',\n\t\t\t\t\t\tinfobox_text_color: '#fff',\n\t\t\t\t\t\tmap_style: 'custom',\n\t\t\t\t\t\tmap_type: 'roadmap',\n\t\t\t\t\t\tmarker_icon: 'theme',\n\t\t\t\t\t\toverlay_color: '#e9a825',\n\t\t\t\t\t\toverlay_color_hsl: {\"hue\":28,\"sat\":82,\"lum\":53},\n\t\t\t\t\t\tpan_control: true,\n\t\t\t\t\t\tshow_address: false,\n\t\t\t\t\t\tscale_control: true,\n\t\t\t\t\t\tscrollwheel: false,\n\t\t\t\t\t\tzoom: 15,\n\t\t\t\t\t\tzoom_control: true,\n\t\t\t\t\t});\n\t\t\t\t}\n\n\t\t\t\tgoogle.maps.event.addDomListener(window, 'load', fusion_run_map_fusion_map_69f1ceac35b7a);\n\t\t\t<\/script>\n\t\t\t<div class=\"shortcode-map fusion-google-map\" id=\"fusion_map_69f1ceac35b7a\" style=\"height:400px;width:100%;\"><\/div><div class=\"fusion-clearfix\"><\/div>\n\n\t\t\t<\/div>\n\t\t<\/div><\/div><\/div><div  class=\"fusion-fullwidth fullwidth-box nonhundred-percent-fullwidth\"  style='background-color: #ffffff;background-position: center center;background-repeat: no-repeat;padding-top:50px;padding-right:15%;padding-bottom:50px;padding-left:15%;border-top-width:0px;border-bottom-width:0px;border-color:#eae9e9;border-top-style:solid;border-bottom-style:solid;'><div class=\"fusion-builder-row fusion-row \"><div  class=\"fusion-layout-column fusion_builder_column fusion_builder_column_1_1  fusion-one-full fusion-column-first fusion-column-last fusion-column-no-min-height 1_1\"  style='margin-top:0px;margin-bottom:0px;'>\n\t\t\t<div class=\"fusion-column-wrapper\" style=\"background-position:left top;background-repeat:no-repeat;-webkit-background-size:cover;-moz-background-size:cover;-o-background-size:cover;background-size:cover;\"  data-bg-url=\"\">\n\t\t\t\t<p class=\"p1\"><span class=\"s1\">La mission de La Birba est de cr\u00e9er du lien, du lien artistique, du lien social. Le th\u00e9\u00e2tre se doit de trouver des relais dans le monde de l\u2019\u00e9cole, enseignants, \u00e9l\u00e8ves, parents.\u00a0 C\u2019est un formidable r\u00e9v\u00e9lateur de personnalit\u00e9 des jeunes, le moyen d\u2019ouvrir les champs de la curiosit\u00e9, de l\u2019imagination, du besoin de r\u00eave de l\u2019ensemble du public.<\/span><\/p>\n<div class=\"fusion-sep-clear\"><\/div><div class=\"fusion-separator fusion-full-width-sep sep-none\" style=\"margin-left: auto;margin-right: auto;margin-top:10px;\"><\/div><div class=\"fusion-clearfix\"><\/div>\n\n\t\t\t<\/div>\n\t\t<\/div><div  class=\"fusion-layout-column fusion_builder_column fusion_builder_column_1_3  fusion-one-third fusion-column-first 1_3\"  style='margin-top:0px;margin-bottom:0px;width:30.6666%; margin-right: 4%;'>\n\t\t\t<div class=\"fusion-column-wrapper\" style=\"background-position:left top;background-repeat:no-repeat;-webkit-background-size:cover;-moz-background-size:cover;-o-background-size:cover;background-size:cover;\"  data-bg-url=\"\">\n\t\t\t\t<h3>Envoyez-nous un message<\/h3>\n<div class=\"fusion-clearfix\"><\/div>\n\n\t\t\t<\/div>\n\t\t<\/div><div  class=\"fusion-layout-column fusion_builder_column fusion_builder_column_2_3  fusion-two-third fusion-column-last 2_3\"  style='margin-top:0px;margin-bottom:0px;width:65.3333%'>\n\t\t\t<div class=\"fusion-column-wrapper\" style=\"background-position:left top;background-repeat:no-repeat;-webkit-background-size:cover;-moz-background-size:cover;-o-background-size:cover;background-size:cover;\"  data-bg-url=\"\">\n\t\t\t\t<p>[contact-form-7 id=\u00a0\u00bb1329&Prime; title=\u00a0\u00bbFormulaire de contact 1&Prime;]<\/p>\n<div class=\"fusion-clearfix\"><\/div>\n\n\t\t\t<\/div>\n\t\t<\/div><\/div><\/div><div  class=\"fusion-fullwidth fullwidth-box hundred-percent-fullwidth fusion-equal-height-columns\"  style='background-color: #ffffff;background-position: center center;background-repeat: no-repeat;border-top-width:0px;border-bottom-width:0px;border-color:#eae9e9;border-top-style:solid;border-bottom-style:solid;'><div class=\"fusion-builder-row fusion-row \"><div  class=\"fusion-layout-column fusion_builder_column fusion_builder_column_1_2  fusion-one-half fusion-column-first 1_2\"  style='margin-top:30px;margin-bottom:30px;'>\n\t\t\t<div class=\"fusion-column-wrapper\" style=\"background-color:rgba(172,161,171,.75);padding: 30px;background-position:left top;background-repeat:no-repeat;-webkit-background-size:cover;-moz-background-size:cover;-o-background-size:cover;background-size:cover;\"  data-bg-url=\"\">\n\t\t\t\t<div class=\"fusion-column-content-centered\"><div class=\"fusion-column-content\"><h2 style=\"text-align: center; margin-bottom: 0px; color: #ffffff;\">Adresse<\/h2>\n<p class=\"p1\" style=\"text-align: center;\"><span class=\"s1\" style=\"color: #ffffff;\">11 rue du Ch\u00eane,<\/span><\/p>\n<p class=\"p1\" style=\"text-align: center;\"><span class=\"s1\" style=\"color: #ffffff;\">08140 FRANCHEVAL<\/span><\/p>\n<\/div><\/div><div class=\"fusion-clearfix\"><\/div>\n\n\t\t\t<\/div>\n\t\t<\/div><div  class=\"fusion-layout-column fusion_builder_column fusion_builder_column_1_2  fusion-one-half fusion-column-last 1_2\"  style='margin-top:30px;margin-bottom:30px;'>\n\t\t\t<div class=\"fusion-column-wrapper\" style=\"background-color:rgba(92,100,109,.75);padding: 30px;background-position:left top;background-repeat:no-repeat;-webkit-background-size:cover;-moz-background-size:cover;-o-background-size:cover;background-size:cover;\"  data-bg-url=\"\">\n\t\t\t\t<div class=\"fusion-column-content-centered\"><div class=\"fusion-column-content\"><h2 style=\"text-align: center; margin-bottom: 0px; color: #ffffff;\"><span style=\"color: #ffffff;\">T\u00e9lephone\/Mail<\/span><\/h2>\n<p class=\"p1\" style=\"text-align: center;\"><span class=\"s1\" style=\"color: #ffffff;\">06 84 08 36 50<\/span><\/p>\n<p class=\"p2\" style=\"text-align: center;\"><span class=\"s2\" style=\"color: #ffffff;\"><a style=\"color: #ffffff;\" href=\"mailto:gilbert.ponte@free.fr\">gilbert.ponte@free.fr<\/a><\/span><\/p>\n<\/div><\/div><div class=\"fusion-clearfix\"><\/div>\n\n\t\t\t<\/div>\n\t\t<\/div><\/div><\/div><\/p>\n","protected":false},"excerpt":{"rendered":"","protected":false},"author":1,"featured_media":0,"parent":0,"menu_order":0,"comment_status":"closed","ping_status":"closed","template":"","meta":{"footnotes":""},"class_list":["post-847","page","type-page","status-publish","hentry"],"_links":{"self":[{"href":"https:\/\/www.labirba.net\/index.php?rest_route=\/wp\/v2\/pages\/847","targetHints":{"allow":["GET"]}}],"collection":[{"href":"https:\/\/www.labirba.net\/index.php?rest_route=\/wp\/v2\/pages"}],"about":[{"href":"https:\/\/www.labirba.net\/index.php?rest_route=\/wp\/v2\/types\/page"}],"author":[{"embeddable":true,"href":"https:\/\/www.labirba.net\/index.php?rest_route=\/wp\/v2\/users\/1"}],"replies":[{"embeddable":true,"href":"https:\/\/www.labirba.net\/index.php?rest_route=%2Fwp%2Fv2%2Fcomments&post=847"}],"version-history":[{"count":21,"href":"https:\/\/www.labirba.net\/index.php?rest_route=\/wp\/v2\/pages\/847\/revisions"}],"predecessor-version":[{"id":2186,"href":"https:\/\/www.labirba.net\/index.php?rest_route=\/wp\/v2\/pages\/847\/revisions\/2186"}],"wp:attachment":[{"href":"https:\/\/www.labirba.net\/index.php?rest_route=%2Fwp%2Fv2%2Fmedia&parent=847"}],"curies":[{"name":"wp","href":"https:\/\/api.w.org\/{rel}","templated":true}]}}