{"id":1635,"date":"2016-02-22T19:31:26","date_gmt":"2016-02-22T19:31:26","guid":{"rendered":"https:\/\/www.labirba.net\/?page_id=1635"},"modified":"2025-11-15T14:16:58","modified_gmt":"2025-11-15T14:16:58","slug":"test","status":"publish","type":"page","link":"https:\/\/www.labirba.net\/","title":{"rendered":"accueil"},"content":{"rendered":"\n<div class=\"wp-block-columns is-layout-flex wp-container-core-columns-is-layout-9d6595d7 wp-block-columns-is-layout-flex\">\n<div class=\"wp-block-column is-layout-flow wp-block-column-is-layout-flow\" style=\"flex-basis:33.33%\">\n<figure class=\"wp-block-image size-large\"><a href=\"https:\/\/www.labirba.net\/wp-content\/uploads\/2022\/04\/GILBERT-PONTE-NB-JANV-2022-2.jpg\"><img loading=\"lazy\" decoding=\"async\" width=\"1024\" height=\"768\" src=\"https:\/\/www.labirba.net\/wp-content\/uploads\/2022\/04\/GILBERT-PONTE-NB-JANV-2022-2-1024x768.jpg\" alt=\"\" class=\"wp-image-2288\" srcset=\"https:\/\/www.labirba.net\/wp-content\/uploads\/2022\/04\/GILBERT-PONTE-NB-JANV-2022-2-200x150.jpg 200w, https:\/\/www.labirba.net\/wp-content\/uploads\/2022\/04\/GILBERT-PONTE-NB-JANV-2022-2-300x225.jpg 300w, https:\/\/www.labirba.net\/wp-content\/uploads\/2022\/04\/GILBERT-PONTE-NB-JANV-2022-2-400x300.jpg 400w, https:\/\/www.labirba.net\/wp-content\/uploads\/2022\/04\/GILBERT-PONTE-NB-JANV-2022-2-600x450.jpg 600w, https:\/\/www.labirba.net\/wp-content\/uploads\/2022\/04\/GILBERT-PONTE-NB-JANV-2022-2-768x576.jpg 768w, https:\/\/www.labirba.net\/wp-content\/uploads\/2022\/04\/GILBERT-PONTE-NB-JANV-2022-2-800x600.jpg 800w, https:\/\/www.labirba.net\/wp-content\/uploads\/2022\/04\/GILBERT-PONTE-NB-JANV-2022-2-1024x768.jpg 1024w, https:\/\/www.labirba.net\/wp-content\/uploads\/2022\/04\/GILBERT-PONTE-NB-JANV-2022-2-1200x900.jpg 1200w\" sizes=\"auto, (max-width: 1024px) 100vw, 1024px\" \/><\/a><\/figure>\n<\/div>\n\n\n\n<div class=\"wp-block-column is-layout-flow wp-block-column-is-layout-flow\" style=\"flex-basis:66.66%\">\n<blockquote class=\"wp-block-quote is-style-default has-small-font-size is-layout-flow wp-block-quote-is-layout-flow\">\n<p><strong>Gilbert Pont\u00e9<\/strong> est com\u00e9dien, metteur en sc\u00e8ne, formateur, animateur culturel et directeur artistique de La Birba.<\/p>\n\n\n\n<p>Apr\u00e8s des \u00e9tudes de th\u00e9\u00e2tre (\u00c9cole nationale sup\u00e9rieure des arts et techniques du th\u00e9\u00e2tre (Paris), Conservatoire National Sup\u00e9rieur d\u2019Art Dramatique (Paris)), Gilbert Pont\u00e9 d\u00e9bute sa carri\u00e8re aupr\u00e8s de Suzanne Flon, actrice qui va marquer&nbsp; d\u00e9finitivement ses choix de l\u2019exigence.<\/p>\n\n\n\n<p>Il travaille avec de nombreuses compagnies, puis \u00e0 partir de&nbsp;1988, il&nbsp; m\u00e8ne une carri\u00e8re de soliste. Il sillonne les routes de France (dont celles des Ardennes). Au fil du temps, il cr\u00e9e son propre style et sa propre \u00e9criture th\u00e9\u00e2trale.&nbsp; Il se d\u00e9finit lui-m\u00eame comme un \u201ccom\u00e9dien conteur\u201d.<\/p>\n<\/blockquote>\n<\/div>\n<\/div>\n\n\n\n<div class=\"wp-block-columns is-layout-flex wp-container-core-columns-is-layout-9d6595d7 wp-block-columns-is-layout-flex\">\n<div class=\"wp-block-column is-layout-flow wp-block-column-is-layout-flow\" style=\"flex-basis:33.33%\">\n<p><strong>Actualit\u00e9 de la compagnie<\/strong><\/p>\n<\/div>\n\n\n\n<div class=\"wp-block-column is-layout-flow wp-block-column-is-layout-flow\" style=\"flex-basis:66.66%\">\n<p class=\"has-text-align-center has-medium-font-size\"><\/p>\n\n\n\n<div class=\"wp-block-group\"><div class=\"wp-block-group__inner-container is-layout-constrained wp-block-group-is-layout-constrained\">\n<details class=\"wp-block-details is-layout-flow wp-block-details-is-layout-flow\"><summary>Saison 2025-2026<\/summary><div class=\"fusion-title title fusion-title-center fusion-title-size-three\" style=\"margin-top:0px;margin-bottom:30px;\"><div class=\"title-sep-container title-sep-container-left\"><div class=\"title-sep sep-single sep-solid\" style=\"border-color:#eab300;\"><\/div><\/div><h3 class=\"title-heading-center\"><strong>Saison 2024 &#8211; 2025<\/strong><\/h3><div class=\"title-sep-container title-sep-container-right\"><div class=\"title-sep sep-single sep-solid\" style=\"border-color:#eab300;\"><\/div><\/div><\/div>\n<\/details>\n\n\n\n<h2 class=\"wp-block-heading\">Saison 2025-2026<\/h2>\n<\/div><\/div>\n\n\n\n<div class=\"wp-block-group\"><div class=\"wp-block-group__inner-container is-layout-flow wp-block-group-is-layout-flow\">\n<div class=\"wp-block-group\"><div class=\"wp-block-group__inner-container is-layout-flow wp-block-group-is-layout-flow\">\n<h2 class=\"wp-block-heading has-text-align-center has-black-color has-text-color has-small-font-size\" style=\"font-style:normal;font-weight:400\"> Au <strong>Th\u00e9\u00e2tre Essa\u00efon<\/strong><\/h2>\n\n\n\n<h2 class=\"wp-block-heading has-text-align-center has-black-color has-text-color has-small-font-size\" style=\"font-style:normal;font-weight:400\">Du 07 janvier 2026 au 1 er avril 2026<\/h2>\n\n\n\n<h2 class=\"wp-block-heading has-text-align-center has-black-color has-text-color has-small-font-size\" style=\"font-style:normal;font-weight:400\">mardi et mercredi \u00e0 19h00 <\/h2>\n\n\n\n<h2 class=\"wp-block-heading has-text-align-center has-black-color has-text-color has-small-font-size\" style=\"font-style:normal;font-weight:400\">r\u00e9servation au <strong>01.42.78.46.42<\/strong> ou sur<\/h2>\n<\/div><\/div>\n<\/div><\/div>\n\n\n\n<p class=\"has-text-align-center has-small-font-size\"><a href=\"https:\/\/www.essaion-theatre.com\/\">https:\/\/www.essaion-theatre.com\/<\/a><\/p>\n\n\n\n<div class=\"wp-block-file\"><a href=\"https:\/\/www.labirba.net\/wp-content\/uploads\/2025\/04\/pub-2025-Le-joueur-713x1024.jpg\" class=\"wp-block-file__button\" download=\"\" aria-describedby=\"wp-block-file--media-33d9076a-6bef-4a5f-9ddc-c398f3a2f37e\">T\u00e9l\u00e9charger<\/a><\/div>\n\n\n\n<p class=\"has-text-align-center has-medium-font-size\"><\/p>\n\n\n\n<hr class=\"wp-block-separator has-text-color has-luminous-vivid-amber-color has-css-opacity has-luminous-vivid-amber-background-color has-background is-style-dots\"\/>\n\n\n\n<figure class=\"wp-block-image size-large\"><a href=\"https:\/\/www.labirba.net\/wp-content\/uploads\/2025\/11\/pour-site.jpg\"><img loading=\"lazy\" decoding=\"async\" width=\"723\" height=\"1024\" src=\"https:\/\/www.labirba.net\/wp-content\/uploads\/2025\/11\/pour-site-723x1024.jpg\" alt=\"\" class=\"wp-image-2429\" srcset=\"https:\/\/www.labirba.net\/wp-content\/uploads\/2025\/11\/pour-site-200x283.jpg 200w, https:\/\/www.labirba.net\/wp-content\/uploads\/2025\/11\/pour-site-212x300.jpg 212w, https:\/\/www.labirba.net\/wp-content\/uploads\/2025\/11\/pour-site-400x566.jpg 400w, https:\/\/www.labirba.net\/wp-content\/uploads\/2025\/11\/pour-site-600x849.jpg 600w, https:\/\/www.labirba.net\/wp-content\/uploads\/2025\/11\/pour-site-723x1024.jpg 723w, https:\/\/www.labirba.net\/wp-content\/uploads\/2025\/11\/pour-site-768x1087.jpg 768w, https:\/\/www.labirba.net\/wp-content\/uploads\/2025\/11\/pour-site-800x1133.jpg 800w, https:\/\/www.labirba.net\/wp-content\/uploads\/2025\/11\/pour-site-1085x1536.jpg 1085w, https:\/\/www.labirba.net\/wp-content\/uploads\/2025\/11\/pour-site-1200x1699.jpg 1200w, https:\/\/www.labirba.net\/wp-content\/uploads\/2025\/11\/pour-site.jpg 1241w\" sizes=\"auto, (max-width: 723px) 100vw, 723px\" \/><\/a><\/figure>\n\n\n<div class=\"fusion-title title fusion-title-center fusion-title-size-three\" style=\"margin-top:0px;margin-bottom:30px;\"><div class=\"title-sep-container title-sep-container-left\"><div class=\"title-sep sep-single sep-solid\" style=\"border-color:#eab300;\"><\/div><\/div><h3 class=\"title-heading-center\"><strong>Spectacles en cours<\/strong><\/h3><div class=\"title-sep-container title-sep-container-right\"><div class=\"title-sep sep-single sep-solid\" style=\"border-color:#eab300;\"><\/div><\/div><\/div>\n\n\n<div class=\"fusion-recent-works fusion-portfolio fusion-portfolio-1 fusion-portfolio-grid fusion-portfolio-paging-none fusion-portfolio fusion-portfolio-three fusion-portfolio-unboxed fusion-animated\" data-id=\"-rw-1\" data-pages=\"1\" data-columns=\"three\" data-animationType=\"rubberBand\" data-animationDuration=\"0.1\" data-animationOffset=\"100%\"><style type=\"text\/css\">.fusion-portfolio-1 .fusion-portfolio-wrapper .fusion-col-spacing{padding:6px;}<\/style><div class=\"fusion-portfolio-wrapper\" id=\"fusion-portfolio-1\" data-picturesize=\"auto\" style=\"margin:-6px;\"><article class=\"fusion-portfolio-post fusion-col-spacing\"><div class=\"fusion-portfolio-content-wrapper\">\r\n\t\t\t<span class=\"entry-title\" style=\"display: none;\">\r\n\t\t\tLe Joueur d\u2019\u00e9chec Stefan Zweig\t\t<\/span>\r\n\t\r\n\t\t\t<span class=\"vcard\" style=\"display: none;\">\r\n\t\t\t<span class=\"fn\">\r\n\t\t\t\t<a href=\"https:\/\/www.labirba.net\/?author=1\" title=\"Articles par gilbert75\" rel=\"author\">gilbert75<\/a>\t\t\t<\/span>\r\n\t\t<\/span>\r\n\t\r\n\t\t\t<span class=\"updated\" style=\"display:none;\">\r\n\t\t\t2025-04-28T11:51:20+00:00\t\t<\/span>\r\n\t\r\n\r\n<div class=\"fusion-image-wrapper\" aria-haspopup=\"true\">\r\n\r\n\t\r\n\t\t\r\n\t\t\t\t\t<img loading=\"lazy\" decoding=\"async\" width=\"500\" height=\"690\" src=\"https:\/\/www.labirba.net\/wp-content\/uploads\/2022\/04\/affiche-joueur-400x552.jpg\" class=\"attachment-full size-full wp-post-image\" alt=\"\" \/>\r\n\t\r\n\r\n\t\t<div class=\"fusion-rollover\">\r\n\t<div class=\"fusion-rollover-content\">\r\n\r\n\t\t\t\t\t\t\t\t\t\t\t\t\t\t<a class=\"fusion-rollover-link\" href=\"https:\/\/www.labirba.net\/?avada_portfolio=le-joueur-dechec-stefan-zweig\">Permalink<\/a>\r\n\t\t\t\r\n\t\t\t\t\t\t\t\t\r\n\t\t\t\t\r\n\t\t\t\t\t\t\t\t\r\n\t\t\t\t\t\t\t\t\r\n\t\t\r\n\t\t\t<\/div>\r\n<\/div>\r\n\r\n\t\r\n<\/div>\r\n<\/div><\/article><article class=\"fusion-portfolio-post fusion-col-spacing\"><div class=\"fusion-portfolio-content-wrapper\">\r\n\t\t\t<span class=\"entry-title\" style=\"display: none;\">\r\n\t\t\tMichael KOHLHAAS, l&rsquo;homme r\u00e9volt\u00e9\t\t<\/span>\r\n\t\r\n\t\t\t<span class=\"vcard\" style=\"display: none;\">\r\n\t\t\t<span class=\"fn\">\r\n\t\t\t\t<a href=\"https:\/\/www.labirba.net\/?author=1\" title=\"Articles par gilbert75\" rel=\"author\">gilbert75<\/a>\t\t\t<\/span>\r\n\t\t<\/span>\r\n\t\r\n\t\t\t<span class=\"updated\" style=\"display:none;\">\r\n\t\t\t2022-04-27T07:48:30+00:00\t\t<\/span>\r\n\t\r\n\r\n<div class=\"fusion-image-wrapper\" aria-haspopup=\"true\">\r\n\r\n\t\r\n\t\t\r\n\t\t\t\t\t<img loading=\"lazy\" decoding=\"async\" width=\"3579\" height=\"5031\" src=\"https:\/\/www.labirba.net\/wp-content\/uploads\/2017\/08\/KOHLASS-affiche-A3-ESSAION-2019-400x562.jpg\" class=\"attachment-full size-full wp-post-image\" alt=\"\" srcset=\"https:\/\/www.labirba.net\/wp-content\/uploads\/2017\/08\/KOHLASS-affiche-A3-ESSAION-2019-200x281.jpg 200w, https:\/\/www.labirba.net\/wp-content\/uploads\/2017\/08\/KOHLASS-affiche-A3-ESSAION-2019-400x562.jpg 400w, https:\/\/www.labirba.net\/wp-content\/uploads\/2017\/08\/KOHLASS-affiche-A3-ESSAION-2019-600x843.jpg 600w, https:\/\/www.labirba.net\/wp-content\/uploads\/2017\/08\/KOHLASS-affiche-A3-ESSAION-2019-800x1125.jpg 800w, https:\/\/www.labirba.net\/wp-content\/uploads\/2017\/08\/KOHLASS-affiche-A3-ESSAION-2019-1200x1687.jpg 1200w, https:\/\/www.labirba.net\/wp-content\/uploads\/2017\/08\/KOHLASS-affiche-A3-ESSAION-2019.jpg 3579w\" sizes=\"auto, (min-width: 824px) 382px, (min-width: 732px) 573px, (min-width: 640px) 732px, 100vw\" \/>\r\n\t\r\n\r\n\t\t<div class=\"fusion-rollover\">\r\n\t<div class=\"fusion-rollover-content\">\r\n\r\n\t\t\t\t\t\t\t\t\t\t\t\t\t\t<a class=\"fusion-rollover-link\" href=\"https:\/\/www.labirba.net\/?avada_portfolio=michael-kohlhaas-lhomme-revolte\">Permalink<\/a>\r\n\t\t\t\r\n\t\t\t\t\t\t\t\t\r\n\t\t\t\t\r\n\t\t\t\t\t\t\t\t\r\n\t\t\t\t\t\t\t\t\r\n\t\t\r\n\t\t\t<\/div>\r\n<\/div>\r\n\r\n\t\r\n<\/div>\r\n<\/div><\/article><article class=\"fusion-portfolio-post fusion-col-spacing\"><div class=\"fusion-portfolio-content-wrapper\">\r\n\t\t\t<span class=\"entry-title\" style=\"display: none;\">\r\n\t\t\tLA DERNI\u00c8RE NUIT DE MOLI\u00c8RE\t\t<\/span>\r\n\t\r\n\t\t\t<span class=\"vcard\" style=\"display: none;\">\r\n\t\t\t<span class=\"fn\">\r\n\t\t\t\t<a href=\"https:\/\/www.labirba.net\/?author=1\" title=\"Articles par gilbert75\" rel=\"author\">gilbert75<\/a>\t\t\t<\/span>\r\n\t\t<\/span>\r\n\t\r\n\t\t\t<span class=\"updated\" style=\"display:none;\">\r\n\t\t\t2022-04-27T07:48:30+00:00\t\t<\/span>\r\n\t\r\n\r\n<div class=\"fusion-image-wrapper\" aria-haspopup=\"true\">\r\n\r\n\t\r\n\t\t\r\n\t\t\t\t\t<img loading=\"lazy\" decoding=\"async\" width=\"250\" height=\"352\" src=\"https:\/\/www.labirba.net\/wp-content\/uploads\/2015\/09\/LDNDM_02.jpg\" class=\"attachment-full size-full wp-post-image\" alt=\"\" \/>\r\n\t\r\n\r\n\t\t<div class=\"fusion-rollover\">\r\n\t<div class=\"fusion-rollover-content\">\r\n\r\n\t\t\t\t\t\t\t\t\t\t\t\t\t\t<a class=\"fusion-rollover-link\" href=\"https:\/\/www.labirba.net\/?avada_portfolio=moliere\">Permalink<\/a>\r\n\t\t\t\r\n\t\t\t\t\t\t\t\t\t\t\t\t\t\t\r\n\t\t\t\t\t\t\t\t\r\n\t\t\t\t\t\t\t\t\t\t\t\t\t<div class=\"fusion-rollover-sep\"><\/div>\r\n\t\t\t\t\r\n\t\t\t\t\t\t\t\t\t\t\t\t\t\t\t\t\t\t<a class=\"fusion-rollover-gallery\" href=\"https:\/\/www.labirba.net\/wp-content\/uploads\/2015\/09\/LDNDM_02.jpg\" data-id=\"1517\" data-rel=\"iLightbox[gallery-rw-1]\" data-title=\"LDNDM_02\" data-caption=\"\">\r\n\t\t\t\t\t\tGallery\t\t\t\t\t<\/a>\r\n\t\t\t\t\t\t\t\t\t\t\t\t\t\t\r\n\t\t\t\t\r\n\t\t\t\t\t\t\t\t\r\n\t\t\t\t\t\t\t\t\r\n\t\t\r\n\t\t\t<\/div>\r\n<\/div>\r\n\r\n\t\r\n<\/div>\r\n<\/div><\/article><article class=\"fusion-portfolio-post fusion-col-spacing\"><div class=\"fusion-portfolio-content-wrapper\">\r\n\t\t\t<span class=\"entry-title\" style=\"display: none;\">\r\n\t\t\tLa ferme des animaux\t\t<\/span>\r\n\t\r\n\t\t\t<span class=\"vcard\" style=\"display: none;\">\r\n\t\t\t<span class=\"fn\">\r\n\t\t\t\t<a href=\"https:\/\/www.labirba.net\/?author=1\" title=\"Articles par gilbert75\" rel=\"author\">gilbert75<\/a>\t\t\t<\/span>\r\n\t\t<\/span>\r\n\t\r\n\t\t\t<span class=\"updated\" style=\"display:none;\">\r\n\t\t\t2022-04-27T07:48:30+00:00\t\t<\/span>\r\n\t\r\n\r\n<div class=\"fusion-image-wrapper\" aria-haspopup=\"true\">\r\n\r\n\t\r\n\t\t\r\n\t\t\t\t\t<img loading=\"lazy\" decoding=\"async\" width=\"223\" height=\"314\" src=\"https:\/\/www.labirba.net\/wp-content\/uploads\/2020\/03\/Affiche-la-ferme-des-animaux-1.png\" class=\"attachment-full size-full wp-post-image\" alt=\"\" srcset=\"https:\/\/www.labirba.net\/wp-content\/uploads\/2020\/03\/Affiche-la-ferme-des-animaux-1-200x282.png 200w, https:\/\/www.labirba.net\/wp-content\/uploads\/2020\/03\/Affiche-la-ferme-des-animaux-1.png 223w\" sizes=\"auto, (min-width: 824px) 382px, (min-width: 732px) 573px, (min-width: 640px) 732px, 100vw\" \/>\r\n\t\r\n\r\n\t\t<div class=\"fusion-rollover\">\r\n\t<div class=\"fusion-rollover-content\">\r\n\r\n\t\t\t\t\t\t\t\t\t\t\t\t\t\t<a class=\"fusion-rollover-link\" href=\"https:\/\/www.labirba.net\/?avada_portfolio=la-ferme-des-animaux\">Permalink<\/a>\r\n\t\t\t\r\n\t\t\t\t\t\t\t\t\r\n\t\t\t\t\r\n\t\t\t\t\t\t\t\t\r\n\t\t\t\t\t\t\t\t\r\n\t\t\r\n\t\t\t<\/div>\r\n<\/div>\r\n\r\n\t\r\n<\/div>\r\n<\/div><\/article><article class=\"fusion-portfolio-post fusion-col-spacing\"><div class=\"fusion-portfolio-content-wrapper\">\r\n\t\t\t<span class=\"entry-title\" style=\"display: none;\">\r\n\t\t\tChrysalide\t\t<\/span>\r\n\t\r\n\t\t\t<span class=\"vcard\" style=\"display: none;\">\r\n\t\t\t<span class=\"fn\">\r\n\t\t\t\t<a href=\"https:\/\/www.labirba.net\/?author=1\" title=\"Articles par gilbert75\" rel=\"author\">gilbert75<\/a>\t\t\t<\/span>\r\n\t\t<\/span>\r\n\t\r\n\t\t\t<span class=\"updated\" style=\"display:none;\">\r\n\t\t\t2020-03-01T20:02:35+00:00\t\t<\/span>\r\n\t\r\n\r\n<div class=\"fusion-image-wrapper\" aria-haspopup=\"true\">\r\n\r\n\t\r\n\t\t\r\n\t\t\t\t\t<img loading=\"lazy\" decoding=\"async\" width=\"221\" height=\"314\" src=\"https:\/\/www.labirba.net\/wp-content\/uploads\/2020\/03\/CHRISALYDE.png\" class=\"attachment-full size-full wp-post-image\" alt=\"\" srcset=\"https:\/\/www.labirba.net\/wp-content\/uploads\/2020\/03\/CHRISALYDE-200x284.png 200w, https:\/\/www.labirba.net\/wp-content\/uploads\/2020\/03\/CHRISALYDE.png 221w\" sizes=\"auto, (min-width: 824px) 382px, (min-width: 732px) 573px, (min-width: 640px) 732px, 100vw\" \/>\r\n\t\r\n\r\n\t\t<div class=\"fusion-rollover\">\r\n\t<div class=\"fusion-rollover-content\">\r\n\r\n\t\t\t\t\t\t\t\t\t\t\t\t\t\t<a class=\"fusion-rollover-link\" href=\"https:\/\/www.labirba.net\/?avada_portfolio=chrysalide\">Permalink<\/a>\r\n\t\t\t\r\n\t\t\t\t\t\t\t\t\r\n\t\t\t\t\r\n\t\t\t\t\t\t\t\t\r\n\t\t\t\t\t\t\t\t\r\n\t\t\r\n\t\t\t<\/div>\r\n<\/div>\r\n\r\n\t\r\n<\/div>\r\n<\/div><\/article><\/div><\/div>\n\n\n\n<blockquote class=\"wp-block-quote has-medium-font-size is-layout-flow wp-block-quote-is-layout-flow\" style=\"font-style:italic;font-weight:700\">\n<p>\u00ab\u00a0Rien de plus futile, de plus faux, de plus vain, rien de plus n\u00e9cessaire que le th\u00e9\u00e2tre\u00a0\u00bb<\/p>\n<cite>Louis Jouvet<\/cite><\/blockquote>\n<\/div>\n<\/div>\n","protected":false},"excerpt":{"rendered":"<p> [&hellip;]<\/p>\n","protected":false},"author":1,"featured_media":0,"parent":0,"menu_order":0,"comment_status":"closed","ping_status":"closed","template":"","meta":{"footnotes":""},"class_list":["post-1635","page","type-page","status-publish","hentry"],"_links":{"self":[{"href":"https:\/\/www.labirba.net\/index.php?rest_route=\/wp\/v2\/pages\/1635","targetHints":{"allow":["GET"]}}],"collection":[{"href":"https:\/\/www.labirba.net\/index.php?rest_route=\/wp\/v2\/pages"}],"about":[{"href":"https:\/\/www.labirba.net\/index.php?rest_route=\/wp\/v2\/types\/page"}],"author":[{"embeddable":true,"href":"https:\/\/www.labirba.net\/index.php?rest_route=\/wp\/v2\/users\/1"}],"replies":[{"embeddable":true,"href":"https:\/\/www.labirba.net\/index.php?rest_route=%2Fwp%2Fv2%2Fcomments&post=1635"}],"version-history":[{"count":117,"href":"https:\/\/www.labirba.net\/index.php?rest_route=\/wp\/v2\/pages\/1635\/revisions"}],"predecessor-version":[{"id":2448,"href":"https:\/\/www.labirba.net\/index.php?rest_route=\/wp\/v2\/pages\/1635\/revisions\/2448"}],"wp:attachment":[{"href":"https:\/\/www.labirba.net\/index.php?rest_route=%2Fwp%2Fv2%2Fmedia&parent=1635"}],"curies":[{"name":"wp","href":"https:\/\/api.w.org\/{rel}","templated":true}]}}