{"id":10,"date":"2015-05-27T18:46:09","date_gmt":"2015-05-27T18:46:09","guid":{"rendered":"http:\/\/theme-fusion.com\/avada\/church-xml\/?page_id=10"},"modified":"2022-04-27T07:48:30","modified_gmt":"2022-04-27T07:48:30","slug":"compagnie","status":"publish","type":"page","link":"https:\/\/www.labirba.net\/?page_id=10","title":{"rendered":"La compagnie"},"content":{"rendered":"<div  class=\"fusion-fullwidth fullwidth-box nonhundred-percent-fullwidth\"  style='background-color: #ffffff;background-position: left top;background-repeat: no-repeat;padding-top:30px;padding-right:10%;padding-bottom:30px;padding-left:10%;border-top-width:0px;border-bottom-width:0px;border-color:#eae9e9;border-top-style:solid;border-bottom-style:solid;'><div class=\"fusion-builder-row fusion-row \"><div  class=\"fusion-layout-column fusion_builder_column fusion_builder_column_1_6  fusion-one-sixth fusion-column-first 1_6\"  style='margin-top:0px;margin-bottom:0px;width:13.3333%; margin-right: 4%;'>\n\t\t\t<div class=\"fusion-column-wrapper\" style=\"background-position:left top;background-repeat:no-repeat;-webkit-background-size:cover;-moz-background-size:cover;-o-background-size:cover;background-size:cover;\"  data-bg-url=\"\">\n\t\t\t\t<div class=\"fusion-clearfix\"><\/div>\n\n\t\t\t<\/div>\n\t\t<\/div><div  class=\"fusion-layout-column fusion_builder_column fusion_builder_column_2_3  fusion-two-third 2_3\"  style='margin-top:0px;margin-bottom:0px;width:65.3333%; margin-right: 4%;'>\n\t\t\t<div class=\"fusion-column-wrapper\" style=\"background-position:left top;background-repeat:no-repeat;-webkit-background-size:cover;-moz-background-size:cover;-o-background-size:cover;background-size:cover;\"  data-bg-url=\"\">\n\t\t\t\t<div class=\"fusion-content-boxes content-boxes columns row fusion-columns-1 fusion-columns-total-3 fusion-content-boxes-1 content-boxes-timeline-vertical content-left content-boxes-icon-with-title fusion-delayed-animation\" data-animation-delay=\"350\" data-animationOffset=\"100%\" style=\"margin-top:0px;margin-bottom:20px;\"><style type=\"text\/css\" scoped=\"scoped\">.fusion-content-boxes-1 .heading h2{color:#333333;}\n\t\t\t.fusion-content-boxes-1 .fusion-content-box-hover .link-area-link-icon-hover .heading h2,\n\t\t\t.fusion-content-boxes-1 .fusion-content-box-hover .link-area-link-icon-hover .heading .heading-link h2,\n\t\t\t.fusion-content-boxes-1 .fusion-content-box-hover .link-area-box-hover .heading h2,\n\t\t\t.fusion-content-boxes-1 .fusion-content-box-hover .link-area-box-hover .heading .heading-link h2,\n\t\t\t.fusion-content-boxes-1 .fusion-content-box-hover .link-area-link-icon-hover.link-area-box .fusion-read-more,\n\t\t\t.fusion-content-boxes-1 .fusion-content-box-hover .link-area-link-icon-hover.link-area-box .fusion-read-more::after,\n\t\t\t.fusion-content-boxes-1 .fusion-content-box-hover .link-area-link-icon-hover.link-area-box .fusion-read-more::before,\n\t\t\t.fusion-content-boxes-1 .fusion-content-box-hover .fusion-read-more:hover:after,\n\t\t\t.fusion-content-boxes-1 .fusion-content-box-hover .fusion-read-more:hover:before,\n\t\t\t.fusion-content-boxes-1 .fusion-content-box-hover .fusion-read-more:hover,\n\t\t\t.fusion-content-boxes-1 .fusion-content-box-hover .link-area-box-hover.link-area-box .fusion-read-more,\n\t\t\t.fusion-content-boxes-1 .fusion-content-box-hover .link-area-box-hover.link-area-box .fusion-read-more::after,\n\t\t\t.fusion-content-boxes-1 .fusion-content-box-hover .link-area-box-hover.link-area-box .fusion-read-more::before,\n\t\t\t.fusion-content-boxes-1 .fusion-content-box-hover .link-area-link-icon-hover .icon .circle-no,\n\t\t\t.fusion-content-boxes-1 .fusion-content-box-hover .link-area-box-hover .icon .circle-no {\n\t\t\t\tcolor: #a0ce4e !important;\n\t\t\t}\n\t\t\t.fusion-content-boxes-1 .fusion-content-box-hover .heading-link:hover .icon i.circle-yes,\n\t\t\t.fusion-content-boxes-1 .fusion-content-box-hover .link-area-box:hover .heading-link .icon i.circle-yes,\n\t\t\t.fusion-content-boxes-1 .fusion-content-box-hover .link-area-link-icon-hover .heading .icon i.circle-yes,\n\t\t\t.fusion-content-boxes-1 .fusion-content-box-hover .link-area-box-hover .heading .icon i.circle-yes {\n\t\t\t\tbackground-color: #a0ce4e !important;\n\t\t\t\tborder-color: #a0ce4e !important;\n\t\t\t}\n\t\t\t\t.fusion-content-boxes-1 .fusion-content-box-hover .link-area-link-icon-hover.icon-hover-animation-pulsate .fontawesome-icon:after,\n\t\t\t\t.fusion-content-boxes-1 .fusion-content-box-hover .link-area-box-hover.icon-hover-animation-pulsate .fontawesome-icon:after,\n\t\t\t\t.fusion-content-boxes-1 .fusion-content-box-hover .link-area-link-icon-hover.icon-wrapper-hover-animation-pulsate .icon span:after,\n\t\t\t\t.fusion-content-boxes-1 .fusion-content-box-hover .link-area-box-hover.icon-wrapper-hover-animation-pulsate .icon span:after {\n\t\t\t\t\t-webkit-box-shadow:0 0 0 2px rgba(255,255,255,0.1), 0 0 10px 10px #a0ce4e, 0 0 0 10px rgba(255,255,255,0.5);\n\t\t\t\t\t-moz-box-shadow:0 0 0 2px rgba(255,255,255,0.1), 0 0 10px 10px #a0ce4e, 0 0 0 10px rgba(255,255,255,0.5);\n\t\t\t\t\tbox-shadow: 0 0 0 2px rgba(255,255,255,0.1), 0 0 10px 10px #a0ce4e, 0 0 0 10px rgba(255,255,255,0.5);\n\t\t\t\t}\n\t\t\t<\/style><div class=\"fusion-column content-box-column content-box-column content-box-column-1 col-lg-12 col-md-12 col-sm-12 fusion-content-box-hover  content-box-column-last-in-row\"><div class=\"col content-wrapper link-area-link-icon icon-hover-animation-pulsate fusion-animated\" style=\"background-color:rgba(255,255,255,0);\" data-animationType=\"fadeIn\" data-animationDuration=\"0.25\" data-animationOffset=\"100%\"><div class=\"heading heading-with-icon icon-left\"><div class=\"icon\" style=\"-webkit-animation-duration: 350ms;animation-duration: 350ms;\"><i style=\"border-color:#333333;border-width:1px;background-color:#333333;height:40px;width:40px;line-height:40px;border-radius:50%;color:#ffffff;font-size:20px;\" class=\"fa fontawesome-icon fa-check-circle circle-yes\"><\/i><\/div><h2 class=\"content-box-heading\" style=\"font-size:18px;line-height:23px;\">Cr\u00e9er, produire et diffuser<\/h2><\/div><div class=\"fusion-clearfix\"><\/div><div class=\"content-container\" style=\"padding-left:62px;margin-top:-12px;color:#747474;\">Des spectacles, des \u0153uvres de qualit\u00e9, riches, profondes, qui parlent de l\u2019Homme et procurent \u00e9motions et r\u00e9flexions, et surtout qui permettent de faire mieux vivre ensemble.<br \/>\nExplorer les grands textes du r\u00e9pertoire, d\u00e9couvrir les \u00e9critures contemporaines et s\u2019adresser aux jeunes publics sont les axes fondamentaux des cr\u00e9ations de La Birba.<\/p>\n<p>Les diff\u00e9rentes cr\u00e9ations en projet concernent essentiellement des petites formes, \u00e0 l\u2019intention de la jeunesse et du tout public, pouvant \u00eatre jou\u00e9es dans diff\u00e9rents espaces de quartiers ou de villages. Ces formes, proches du conte, permettent la confidence, la convivialit\u00e9 et un \u00e9change direct avec le public. Une sorte de d\u00e9mystification de l\u2019image classique du th\u00e9\u00e2tre.<\/p>\n<p>Ces petites formes peuvent \u00eatre le r\u00e9sultat de la collecte d\u2019une m\u00e9moire locale, de populations immigr\u00e9es ou d\u2019un travail \u201cinterg\u00e9n\u00e9rationnel\u201d avec des seniors, des enfants et des adolescents, mais aussi avec des associations.<\/p>\n<p>Il ne suffit pas de cr\u00e9er des spectacles, il faut \u00e9galement les diffuser largement. C\u2019est pour cette raison qu\u2019il est indispensable de cr\u00e9er des petites formes qui permettent d\u2019investir le territoire, d\u2019aller au devant du public, de cr\u00e9er du lien, du lien humain.<\/div><div class=\"content-box-shortcode-timeline-vertical\" style=\"border-color:rgba(255,255,255,0);left:35px;top:40px;-webkit-transition-duration: 350ms;animation-duration: 350ms;\"><\/div><\/div><\/div><div class=\"fusion-clearfix\"><\/div><div class=\"fusion-column content-box-column content-box-column content-box-column-2 col-lg-12 col-md-12 col-sm-12 fusion-content-box-hover  content-box-column-last-in-row\"><div class=\"col content-wrapper link-area-link-icon icon-hover-animation-pulsate fusion-animated\" style=\"background-color:rgba(255,255,255,0);\" data-animationType=\"fadeIn\" data-animationDuration=\"0.25\" data-animationOffset=\"100%\"><div class=\"heading heading-with-icon icon-left\"><div class=\"icon\" style=\"-webkit-animation-duration: 350ms;animation-duration: 350ms;\"><i style=\"border-color:#333333;border-width:1px;background-color:#333333;height:40px;width:40px;line-height:40px;border-radius:50%;color:#ffffff;font-size:20px;\" class=\"fa fontawesome-icon fa-check-square circle-yes\"><\/i><\/div><h2 class=\"content-box-heading\" style=\"font-size:18px;line-height:23px;\">Sensibiliser le public, en particulier les jeunes, et initier aux pratiques du th\u00e9\u00e2tre<\/h2><\/div><div class=\"fusion-clearfix\"><\/div><div class=\"content-container\" style=\"padding-left:62px;margin-top:-12px;color:#747474;\">\n<h6 data-fontsize=\"15\" data-lineheight=\"17\">Si La Birba souhaite travailler de fa\u00e7on prolong\u00e9e, c\u2019est pour jouer pleinement son r\u00f4le de service public au sein d\u2019un territoire. De fa\u00e7on \u00e0\u00a0:<\/h6>\n<p>aller \u00e0 la rencontre des diff\u00e9rentes populations qui vivent sur ce territoire, d\u00e9couvrir leurs besoins culturels, leurs attentes et leurs exigences\u00a0;<br \/>\naller \u00e0 la rencontre des diff\u00e9rentes associations et structures d\u00e9j\u00e0 existantes, afin d\u2019aider \u00e0 coordonner les activit\u00e9s et de les inciter \u00e0 rencontrer des nouveaux publics ;<br \/>\nformer et fid\u00e9liser un public toujours plus exigeant et critique, qui s\u2019approprie les outils culturels lui sont destin\u00e9s ;<br \/>\ncr\u00e9er une collaboration continue avec les \u00e9lus qui connaissent le terrain\u00a0;<br \/>\ncr\u00e9er du lien entre les diff\u00e9rentes g\u00e9n\u00e9rations, les diff\u00e9rents milieux sociaux.<br \/>\nLors de chacune de ses cr\u00e9ations et repr\u00e9sentations, et en coop\u00e9ration avec les diff\u00e9rentes associations, les \u00e9coles, le corps enseignant, La Birba m\u00e8ne des actions de sensibilisation aupr\u00e8s des jeunes et moins jeunes\u00a0: lectures et conf\u00e9rences, sensibilisation au travail de l\u2019acteur, ateliers de pratique artistique, stages d\u2019\u00e9criture, etc.<\/p>\n<p>La mission de La Birba est de cr\u00e9er du lien, du lien artistique, du lien social. Le th\u00e9\u00e2tre se doit de trouver des relais dans le monde de l\u2019\u00e9cole, enseignants, \u00e9l\u00e8ves, parents.\u00a0 C\u2019est un formidable r\u00e9v\u00e9lateur de personnalit\u00e9 des jeunes, le moyen d\u2019ouvrir les champs de la curiosit\u00e9, de l\u2019imagination, du besoin de r\u00eave de l\u2019ensemble du public.<\/div><div class=\"content-box-shortcode-timeline-vertical\" style=\"border-color:rgba(255,255,255,0);left:35px;top:40px;-webkit-transition-duration: 350ms;animation-duration: 350ms;\"><\/div><\/div><\/div><div class=\"fusion-clearfix\"><\/div><div class=\"fusion-column content-box-column content-box-column content-box-column-3 col-lg-12 col-md-12 col-sm-12 fusion-content-box-hover  content-box-column-last content-box-column-last-in-row\"><div class=\"col content-wrapper link-area-link-icon icon-hover-animation-pulsate fusion-animated\" style=\"background-color:rgba(255,255,255,0);\" data-animationType=\"fadeIn\" data-animationDuration=\"0.25\" data-animationOffset=\"100%\"><div class=\"heading heading-with-icon icon-left\"><div class=\"icon\" style=\"-webkit-animation-duration: 350ms;animation-duration: 350ms;\"><i style=\"border-color:#333333;border-width:1px;background-color:#333333;height:40px;width:40px;line-height:40px;border-radius:50%;color:#ffffff;font-size:20px;\" class=\"fa fontawesome-icon fa-check-circle circle-yes\"><\/i><\/div><h2 class=\"content-box-heading\" style=\"font-size:18px;line-height:23px;\">Former des com\u00e9diens<\/h2><\/div><div class=\"fusion-clearfix\"><\/div><div class=\"content-container\" style=\"padding-left:62px;margin-top:-12px;color:#747474;\">La formation des com\u00e9diens est un \u00e9l\u00e9ment majeur des comp\u00e9tences de Gilbert Pont\u00e9. Formation des jeunes com\u00e9diens professionnels qui rejoignent r\u00e9guli\u00e8rement la troupe, mais aussi et surtout formation et soutien des com\u00e9diens amateurs du territoire.<br \/>\nDans un objectif d\u2019\u00e9change, La Birba peut leur apporter son savoir faire et son exp\u00e9rience. Il peut servir de catalyseur \u00e0 la mise sur pied d\u2019\u00e9v\u00e8nements collectifs valorisant la pratique du th\u00e9\u00e2tre, et plus largement du spectacle vivant.<\/p>\n<p>Le th\u00e9\u00e2tre est sans doute l\u2019endroit par excellence o\u00f9 l\u2019on peut ressentir des \u00e9motions vraies, \u00e9couter une parole sinc\u00e8re et se retrouver avec l\u2019autre dans une convivialit\u00e9 fraternelle. Favoriser cette convivialit\u00e9, tel est au fond le projet de Gilbert Pont\u00e9 et de La Birba.<\/div><div class=\"content-box-shortcode-timeline-vertical\" style=\"border-color:rgba(255,255,255,0);left:35px;top:40px;-webkit-transition-duration: 350ms;animation-duration: 350ms;\"><\/div><\/div><\/div><div class=\"fusion-clearfix\"><\/div><div class=\"fusion-clearfix\"><\/div><\/div><div class=\"fusion-clearfix\"><\/div>\n\n\t\t\t<\/div>\n\t\t<\/div><div  class=\"fusion-layout-column fusion_builder_column fusion_builder_column_1_6  fusion-one-sixth fusion-column-last 1_6\"  style='margin-top:0px;margin-bottom:0px;width:13.3333%'>\n\t\t\t<div class=\"fusion-column-wrapper\" style=\"background-position:left top;background-repeat:no-repeat;-webkit-background-size:cover;-moz-background-size:cover;-o-background-size:cover;background-size:cover;\"  data-bg-url=\"\">\n\t\t\t\t<div class=\"fusion-clearfix\"><\/div>\n\n\t\t\t<\/div>\n\t\t<\/div><\/div><\/div>\n","protected":false},"excerpt":{"rendered":"","protected":false},"author":1,"featured_media":0,"parent":0,"menu_order":0,"comment_status":"closed","ping_status":"closed","template":"","meta":{"footnotes":""},"class_list":["post-10","page","type-page","status-publish","hentry"],"_links":{"self":[{"href":"https:\/\/www.labirba.net\/index.php?rest_route=\/wp\/v2\/pages\/10","targetHints":{"allow":["GET"]}}],"collection":[{"href":"https:\/\/www.labirba.net\/index.php?rest_route=\/wp\/v2\/pages"}],"about":[{"href":"https:\/\/www.labirba.net\/index.php?rest_route=\/wp\/v2\/types\/page"}],"author":[{"embeddable":true,"href":"https:\/\/www.labirba.net\/index.php?rest_route=\/wp\/v2\/users\/1"}],"replies":[{"embeddable":true,"href":"https:\/\/www.labirba.net\/index.php?rest_route=%2Fwp%2Fv2%2Fcomments&post=10"}],"version-history":[{"count":13,"href":"https:\/\/www.labirba.net\/index.php?rest_route=\/wp\/v2\/pages\/10\/revisions"}],"predecessor-version":[{"id":2074,"href":"https:\/\/www.labirba.net\/index.php?rest_route=\/wp\/v2\/pages\/10\/revisions\/2074"}],"wp:attachment":[{"href":"https:\/\/www.labirba.net\/index.php?rest_route=%2Fwp%2Fv2%2Fmedia&parent=10"}],"curies":[{"name":"wp","href":"https:\/\/api.w.org\/{rel}","templated":true}]}}